{"id":92,"date":"2015-11-30T20:18:00","date_gmt":"2015-11-30T18:18:00","guid":{"rendered":"http:\/\/zalatriatlon.hu\/?page_id=92"},"modified":"2025-06-14T21:25:16","modified_gmt":"2025-06-14T19:25:16","slug":"tamogatoink","status":"publish","type":"page","link":"https:\/\/zalatriatlon.hu\/index.php\/tamogatoink\/","title":{"rendered":"T\u00e1mogat\u00f3ink"},"content":{"rendered":"<p><a href=\"https:\/\/zalatriatlon.hu\/wp-content\/uploads\/2015\/11\/logo.jpg\"><img loading=\"lazy\" class=\"alignnone size-full wp-image-443\" src=\"https:\/\/zalatriatlon.hu\/wp-content\/uploads\/2015\/11\/logo.jpg\" alt=\"\" width=\"200\" height=\"137\" \/><\/a><\/p>\n<p><a href=\"https:\/\/zalatriatlon.hu\/wp-content\/uploads\/2015\/11\/DKT_Lockup_Primary_Blue_RGB.png\"><img loading=\"lazy\" class=\"alignnone size-medium wp-image-852\" src=\"https:\/\/zalatriatlon.hu\/wp-content\/uploads\/2015\/11\/DKT_Lockup_Primary_Blue_RGB-300x60.png\" alt=\"\" width=\"300\" height=\"60\" srcset=\"https:\/\/zalatriatlon.hu\/wp-content\/uploads\/2015\/11\/DKT_Lockup_Primary_Blue_RGB-300x60.png 300w, https:\/\/zalatriatlon.hu\/wp-content\/uploads\/2015\/11\/DKT_Lockup_Primary_Blue_RGB-768x153.png 768w, https:\/\/zalatriatlon.hu\/wp-content\/uploads\/2015\/11\/DKT_Lockup_Primary_Blue_RGB-1024x203.png 1024w\" sizes=\"(max-width: 300px) 100vw, 300px\" \/><\/a><\/p>\n<p><a href=\"https:\/\/zalatriatlon.hu\/wp-content\/uploads\/2015\/11\/K\u00e9perny\u0151k\u00e9p-2024-12-25-122812.jpg\"><img loading=\"lazy\" class=\"alignnone size-medium wp-image-858\" src=\"https:\/\/zalatriatlon.hu\/wp-content\/uploads\/2015\/11\/K\u00e9perny\u0151k\u00e9p-2024-12-25-122812-300x110.jpg\" alt=\"\" width=\"300\" height=\"110\" srcset=\"https:\/\/zalatriatlon.hu\/wp-content\/uploads\/2015\/11\/K\u00e9perny\u0151k\u00e9p-2024-12-25-122812-300x110.jpg 300w, https:\/\/zalatriatlon.hu\/wp-content\/uploads\/2015\/11\/K\u00e9perny\u0151k\u00e9p-2024-12-25-122812-768x281.jpg 768w, https:\/\/zalatriatlon.hu\/wp-content\/uploads\/2015\/11\/K\u00e9perny\u0151k\u00e9p-2024-12-25-122812.jpg 863w\" sizes=\"(max-width: 300px) 100vw, 300px\" \/><\/a><\/p>\n<p><a href=\"https:\/\/zalatriatlon.hu\/wp-content\/uploads\/2015\/11\/image.png\"><img loading=\"lazy\" class=\"alignnone size-medium wp-image-859\" src=\"https:\/\/zalatriatlon.hu\/wp-content\/uploads\/2015\/11\/image-300x156.png\" alt=\"\" width=\"300\" height=\"156\" srcset=\"https:\/\/zalatriatlon.hu\/wp-content\/uploads\/2015\/11\/image-300x156.png 300w, https:\/\/zalatriatlon.hu\/wp-content\/uploads\/2015\/11\/image.png 311w\" sizes=\"(max-width: 300px) 100vw, 300px\" \/><\/a><\/p>\n<p><a href=\"https:\/\/zalatriatlon.hu\/wp-content\/uploads\/2015\/11\/unnamed.png\"><img loading=\"lazy\" class=\"alignnone size-medium wp-image-762\" src=\"https:\/\/zalatriatlon.hu\/wp-content\/uploads\/2015\/11\/unnamed-300x73.png\" alt=\"\" width=\"300\" height=\"73\" srcset=\"https:\/\/zalatriatlon.hu\/wp-content\/uploads\/2015\/11\/unnamed-300x73.png 300w, https:\/\/zalatriatlon.hu\/wp-content\/uploads\/2015\/11\/unnamed.png 512w\" sizes=\"(max-width: 300px) 100vw, 300px\" \/><\/a><\/p>\n<p>&nbsp;<\/p>\n<p><a href=\"https:\/\/zalatriatlon.hu\/wp-content\/uploads\/2015\/11\/magnetic_logo.png\"><img loading=\"lazy\" class=\"alignnone size-medium wp-image-313\" src=\"https:\/\/zalatriatlon.hu\/wp-content\/uploads\/2015\/11\/magnetic_logo-300x103.png\" alt=\"\" width=\"300\" height=\"103\" srcset=\"https:\/\/zalatriatlon.hu\/wp-content\/uploads\/2015\/11\/magnetic_logo-300x103.png 300w, https:\/\/zalatriatlon.hu\/wp-content\/uploads\/2015\/11\/magnetic_logo.png 344w\" sizes=\"(max-width: 300px) 100vw, 300px\" \/><\/a><\/p>\n<p><a href=\"https:\/\/zalatriatlon.hu\/wp-content\/uploads\/2015\/11\/506461747_1268344635293677_5892906700534968638_n.jpg\"><img loading=\"lazy\" class=\"alignnone size-medium wp-image-906\" src=\"https:\/\/zalatriatlon.hu\/wp-content\/uploads\/2015\/11\/506461747_1268344635293677_5892906700534968638_n-300x255.jpg\" alt=\"\" width=\"300\" height=\"255\" srcset=\"https:\/\/zalatriatlon.hu\/wp-content\/uploads\/2015\/11\/506461747_1268344635293677_5892906700534968638_n-300x255.jpg 300w, https:\/\/zalatriatlon.hu\/wp-content\/uploads\/2015\/11\/506461747_1268344635293677_5892906700534968638_n-768x654.jpg 768w, https:\/\/zalatriatlon.hu\/wp-content\/uploads\/2015\/11\/506461747_1268344635293677_5892906700534968638_n-1024x872.jpg 1024w, https:\/\/zalatriatlon.hu\/wp-content\/uploads\/2015\/11\/506461747_1268344635293677_5892906700534968638_n.jpg 1393w\" sizes=\"(max-width: 300px) 100vw, 300px\" \/><\/a><\/p>\n<p><a href=\"https:\/\/zalatriatlon.hu\/wp-content\/uploads\/2015\/11\/495894354_1261860099275464_1593862105550927263_n.jpg\"><img loading=\"lazy\" class=\"alignnone size-medium wp-image-908\" src=\"https:\/\/zalatriatlon.hu\/wp-content\/uploads\/2015\/11\/495894354_1261860099275464_1593862105550927263_n-300x222.jpg\" alt=\"\" width=\"300\" height=\"222\" srcset=\"https:\/\/zalatriatlon.hu\/wp-content\/uploads\/2015\/11\/495894354_1261860099275464_1593862105550927263_n-300x222.jpg 300w, https:\/\/zalatriatlon.hu\/wp-content\/uploads\/2015\/11\/495894354_1261860099275464_1593862105550927263_n.jpg 459w\" sizes=\"(max-width: 300px) 100vw, 300px\" \/><\/a> <a href=\"https:\/\/zalatriatlon.hu\/wp-content\/uploads\/2015\/11\/502588154_1262708552523952_6555029279622279441_n.jpg\"><img loading=\"lazy\" class=\"alignnone size-medium wp-image-909\" src=\"https:\/\/zalatriatlon.hu\/wp-content\/uploads\/2015\/11\/502588154_1262708552523952_6555029279622279441_n-300x300.jpg\" alt=\"\" width=\"300\" height=\"300\" srcset=\"https:\/\/zalatriatlon.hu\/wp-content\/uploads\/2015\/11\/502588154_1262708552523952_6555029279622279441_n-300x300.jpg 300w, https:\/\/zalatriatlon.hu\/wp-content\/uploads\/2015\/11\/502588154_1262708552523952_6555029279622279441_n-150x150.jpg 150w, https:\/\/zalatriatlon.hu\/wp-content\/uploads\/2015\/11\/502588154_1262708552523952_6555029279622279441_n.jpg 526w\" sizes=\"(max-width: 300px) 100vw, 300px\" \/><\/a> <a href=\"https:\/\/zalatriatlon.hu\/wp-content\/uploads\/2015\/11\/505523863_1268398688621605_4426832445718758235_n.jpg\"><img loading=\"lazy\" class=\"alignnone size-medium wp-image-910\" src=\"https:\/\/zalatriatlon.hu\/wp-content\/uploads\/2015\/11\/505523863_1268398688621605_4426832445718758235_n-300x297.jpg\" alt=\"\" width=\"300\" height=\"297\" srcset=\"https:\/\/zalatriatlon.hu\/wp-content\/uploads\/2015\/11\/505523863_1268398688621605_4426832445718758235_n-300x297.jpg 300w, https:\/\/zalatriatlon.hu\/wp-content\/uploads\/2015\/11\/505523863_1268398688621605_4426832445718758235_n-150x150.jpg 150w, https:\/\/zalatriatlon.hu\/wp-content\/uploads\/2015\/11\/505523863_1268398688621605_4426832445718758235_n-768x759.jpg 768w, https:\/\/zalatriatlon.hu\/wp-content\/uploads\/2015\/11\/505523863_1268398688621605_4426832445718758235_n-1024x1013.jpg 1024w, https:\/\/zalatriatlon.hu\/wp-content\/uploads\/2015\/11\/505523863_1268398688621605_4426832445718758235_n.jpg 1170w\" sizes=\"(max-width: 300px) 100vw, 300px\" \/><\/a><\/p>\n<p><a href=\"https:\/\/zalatriatlon.hu\/wp-content\/uploads\/2015\/11\/497818670_1261052989356175_6872807190501935233_n.jpg\"><img loading=\"lazy\" class=\"alignnone size-medium wp-image-907\" src=\"https:\/\/zalatriatlon.hu\/wp-content\/uploads\/2015\/11\/497818670_1261052989356175_6872807190501935233_n-300x94.jpg\" alt=\"\" width=\"300\" height=\"94\" srcset=\"https:\/\/zalatriatlon.hu\/wp-content\/uploads\/2015\/11\/497818670_1261052989356175_6872807190501935233_n-300x94.jpg 300w, https:\/\/zalatriatlon.hu\/wp-content\/uploads\/2015\/11\/497818670_1261052989356175_6872807190501935233_n-768x240.jpg 768w, https:\/\/zalatriatlon.hu\/wp-content\/uploads\/2015\/11\/497818670_1261052989356175_6872807190501935233_n.jpg 900w\" sizes=\"(max-width: 300px) 100vw, 300px\" \/><\/a><\/p>\n<p>&nbsp;<\/p>\n","protected":false},"excerpt":{"rendered":"<p>&nbsp; &nbsp;<\/p>\n","protected":false},"author":2,"featured_media":0,"parent":0,"menu_order":0,"comment_status":"closed","ping_status":"closed","template":"","meta":[],"_links":{"self":[{"href":"https:\/\/zalatriatlon.hu\/index.php\/wp-json\/wp\/v2\/pages\/92"}],"collection":[{"href":"https:\/\/zalatriatlon.hu\/index.php\/wp-json\/wp\/v2\/pages"}],"about":[{"href":"https:\/\/zalatriatlon.hu\/index.php\/wp-json\/wp\/v2\/types\/page"}],"author":[{"embeddable":true,"href":"https:\/\/zalatriatlon.hu\/index.php\/wp-json\/wp\/v2\/users\/2"}],"replies":[{"embeddable":true,"href":"https:\/\/zalatriatlon.hu\/index.php\/wp-json\/wp\/v2\/comments?post=92"}],"version-history":[{"count":25,"href":"https:\/\/zalatriatlon.hu\/index.php\/wp-json\/wp\/v2\/pages\/92\/revisions"}],"predecessor-version":[{"id":911,"href":"https:\/\/zalatriatlon.hu\/index.php\/wp-json\/wp\/v2\/pages\/92\/revisions\/911"}],"wp:attachment":[{"href":"https:\/\/zalatriatlon.hu\/index.php\/wp-json\/wp\/v2\/media?parent=92"}],"curies":[{"name":"wp","href":"https:\/\/api.w.org\/{rel}","templated":true}]}}