{"id":9,"date":"2015-10-06T21:37:53","date_gmt":"2015-10-06T19:37:53","guid":{"rendered":"http:\/\/zalatriatlon.hu\/?page_id=9"},"modified":"2024-09-17T21:36:43","modified_gmt":"2024-09-17T19:36:43","slug":"bemutatkozunk","status":"publish","type":"page","link":"https:\/\/zalatriatlon.hu\/index.php\/bemutatkozunk\/","title":{"rendered":"Bemutatkozunk"},"content":{"rendered":"<p><a href=\"https:\/\/zalatriatlon.hu\/wp-content\/uploads\/2015\/10\/52598445_2756303187927192_8318139565336428544_n.png\"><img loading=\"lazy\" class=\"alignnone size-medium wp-image-406\" src=\"https:\/\/zalatriatlon.hu\/wp-content\/uploads\/2015\/10\/52598445_2756303187927192_8318139565336428544_n-300x300.png\" alt=\"\" width=\"300\" height=\"300\" srcset=\"https:\/\/zalatriatlon.hu\/wp-content\/uploads\/2015\/10\/52598445_2756303187927192_8318139565336428544_n-300x300.png 300w, https:\/\/zalatriatlon.hu\/wp-content\/uploads\/2015\/10\/52598445_2756303187927192_8318139565336428544_n-150x150.png 150w, https:\/\/zalatriatlon.hu\/wp-content\/uploads\/2015\/10\/52598445_2756303187927192_8318139565336428544_n.png 752w\" sizes=\"(max-width: 300px) 100vw, 300px\" \/><\/a><\/p>\n<p><a href=\"https:\/\/zalatriatlon.hu\/wp-content\/uploads\/2015\/10\/ZTR-sz\u00f3r\u00f3lap2.jpg\"><img loading=\"lazy\" class=\"alignnone size-medium wp-image-192\" src=\"https:\/\/zalatriatlon.hu\/wp-content\/uploads\/2015\/10\/ZTR-sz\u00f3r\u00f3lap2-200x300.jpg\" alt=\"\" width=\"200\" height=\"300\" srcset=\"https:\/\/zalatriatlon.hu\/wp-content\/uploads\/2015\/10\/ZTR-sz\u00f3r\u00f3lap2-200x300.jpg 200w, https:\/\/zalatriatlon.hu\/wp-content\/uploads\/2015\/10\/ZTR-sz\u00f3r\u00f3lap2.jpg 600w\" sizes=\"(max-width: 200px) 100vw, 200px\" \/><\/a><\/p>\n<p>&nbsp;<\/p>\n<p>A Zalaegerszegi Triatlon Klub 1991-ben alakult. Sz\u00e1mtalan verseny rendez\u00e9s\u00e9n vagyunk t\u00fal, sok tehets\u00e9ges sportol\u00f3t nevelt\u00fcnk ki az \u00e9vek alatt.<\/p>\n<p>Napjainkban a legjelent\u0151sebb verseny\u00fcnk az orsz\u00e1gos h\u00edrnev\u0171 Mountain Man Marathon, melyet minden \u00e9vben, Szilveszter napj\u00e1n rendez\u00fcnk, valamint\u00a0ism\u00e9t triatlon versenyeket rendez\u00fcnk nyaranta a G\u00e9b\u00e1rti t\u00f3n\u00e1l.<\/p>\n<p>El\u00e9rhet\u0151s\u00e9gek:<\/p>\n<p>jakabfyzoltan[kukac]gmail.com<\/p>\n<p>zalatriatlonkocsistamas[kukac]gmail.com<\/p>\n<p>jani0108[kukac]gmail.com<\/p>\n","protected":false},"excerpt":{"rendered":"<p>&nbsp; A Zalaegerszegi Triatlon Klub 1991-ben alakult. Sz\u00e1mtalan verseny rendez\u00e9s\u00e9n vagyunk t\u00fal, sok tehets\u00e9ges sportol\u00f3t nevelt\u00fcnk ki az \u00e9vek alatt. Napjainkban a legjelent\u0151sebb verseny\u00fcnk az orsz\u00e1gos h\u00edrnev\u0171 Mountain Man Marathon, melyet minden \u00e9vben, Szilveszter napj\u00e1n rendez\u00fcnk, valamint\u00a0ism\u00e9t triatlon versenyeket rendez\u00fcnk nyaranta a G\u00e9b\u00e1rti t\u00f3n\u00e1l. El\u00e9rhet\u0151s\u00e9gek: jakabfyzoltan[kukac]gmail.com zalatriatlonkocsistamas[kukac]gmail.com jani0108[kukac]gmail.com<\/p>\n","protected":false},"author":2,"featured_media":0,"parent":0,"menu_order":0,"comment_status":"closed","ping_status":"closed","template":"","meta":[],"_links":{"self":[{"href":"https:\/\/zalatriatlon.hu\/index.php\/wp-json\/wp\/v2\/pages\/9"}],"collection":[{"href":"https:\/\/zalatriatlon.hu\/index.php\/wp-json\/wp\/v2\/pages"}],"about":[{"href":"https:\/\/zalatriatlon.hu\/index.php\/wp-json\/wp\/v2\/types\/page"}],"author":[{"embeddable":true,"href":"https:\/\/zalatriatlon.hu\/index.php\/wp-json\/wp\/v2\/users\/2"}],"replies":[{"embeddable":true,"href":"https:\/\/zalatriatlon.hu\/index.php\/wp-json\/wp\/v2\/comments?post=9"}],"version-history":[{"count":13,"href":"https:\/\/zalatriatlon.hu\/index.php\/wp-json\/wp\/v2\/pages\/9\/revisions"}],"predecessor-version":[{"id":108,"href":"https:\/\/zalatriatlon.hu\/index.php\/wp-json\/wp\/v2\/pages\/9\/revisions\/108"}],"wp:attachment":[{"href":"https:\/\/zalatriatlon.hu\/index.php\/wp-json\/wp\/v2\/media?parent=9"}],"curies":[{"name":"wp","href":"https:\/\/api.w.org\/{rel}","templated":true}]}}