{"id":392,"date":"2019-02-14T16:45:14","date_gmt":"2019-02-14T14:45:14","guid":{"rendered":"http:\/\/zalatriatlon.hu\/?page_id=392"},"modified":"2021-01-15T14:05:15","modified_gmt":"2021-01-15T12:05:15","slug":"licensz-a-zalatriatlonnal","status":"publish","type":"page","link":"https:\/\/zalatriatlon.hu\/index.php\/licensz-a-zalatriatlonnal\/","title":{"rendered":"Licensz a Zalatriatlonnal!"},"content":{"rendered":"<p><a href=\"https:\/\/zalatriatlon.hu\/wp-content\/uploads\/2019\/02\/mtsz-licensz-.jpg\"><img loading=\"lazy\" class=\"alignnone size-medium wp-image-398\" src=\"https:\/\/zalatriatlon.hu\/wp-content\/uploads\/2019\/02\/mtsz-licensz--211x300.jpg\" alt=\"\" width=\"211\" height=\"300\" srcset=\"https:\/\/zalatriatlon.hu\/wp-content\/uploads\/2019\/02\/mtsz-licensz--211x300.jpg 211w, https:\/\/zalatriatlon.hu\/wp-content\/uploads\/2019\/02\/mtsz-licensz-.jpg 553w\" sizes=\"(max-width: 211px) 100vw, 211px\" \/><\/a><\/p>\n<p>Minden triatlon, \u00e9s duatlon versenyen azt l\u00e1tod, hogy az indul\u00e1s felt\u00e9tele a licensz? Szeretn\u00e9l elindulni de nincs hozz\u00e1 jogosults\u00e1god?<\/p>\n<p>Az egyik legegyszer\u0171bb m\u00f3d, ha Magyar Triatlon Sz\u00f6vets\u00e9gn\u00e9l kiv\u00e1ltod&#8230;\u00a0 \u00a0 &#8230;vagy&#8230;\u00a0 \u00a0&#8230;.mi tudunk jobbat!!!<\/p>\n<p>L\u00e9pj be a Zalaegerszegi Triatlon Klubba, \u00e9s tags\u00e1god r\u00e9szek\u00e9nt \u00e1tv\u00e1llaljuk az \u00e9ves licenszed d\u00edj\u00e1t, \u00e9s int\u00e9zz\u00fck is!<\/p>\n<p>\u00c9s ez nem minden! Tags\u00e1god mell\u00e9 biztos\u00edtjuk:<\/p>\n<ul>\n<li>K\u00f6z\u00f6s edz\u00e9seket szakmai ir\u00e1nymutat\u00e1ssal<\/li>\n<li>Professzion\u00e1lis ruh\u00e1zatot a versenyz\u00e9shez (amennyiben akt\u00edv maradsz k\u00f6zt\u00fcnk)<\/li>\n<li>A legfontosabb: egy k\u00f6z\u00f6ss\u00e9get, ahol hozz\u00e1d hasonl\u00f3 \u00e9rdekl\u0151d\u00e9s\u0171 sportt\u00e1rsak k\u00f6z\u00f6tt mozoghatsz, bar\u00e1tokra tehetsz szert \u00e9s h\u00f3dolhatsz szeretett sport\u00e1gadnak.<\/li>\n<\/ul>\n<p>Amit elv\u00e1runk t\u0151led:<\/p>\n<ul>\n<li>Vegy\u00e9l r\u00e9szt az edz\u00e9seinken<\/li>\n<li>Legy\u00e9l elhivatott a sport\u00e1g ir\u00e1nt<\/li>\n<li>Tedd oda magad! \ud83d\ude42 (nem sz\u00e1m\u00edt milyen id\u0151s vagy, vagy milyen szinten csin\u00e1lod)<\/li>\n<\/ul>\n<p>&nbsp;<\/p>\n","protected":false},"excerpt":{"rendered":"<p>Minden triatlon, \u00e9s duatlon versenyen azt l\u00e1tod, hogy az indul\u00e1s felt\u00e9tele a licensz? Szeretn\u00e9l elindulni de nincs hozz\u00e1 jogosults\u00e1god? Az egyik legegyszer\u0171bb m\u00f3d, ha Magyar Triatlon Sz\u00f6vets\u00e9gn\u00e9l kiv\u00e1ltod&#8230;\u00a0 \u00a0 &#8230;vagy&#8230;\u00a0 \u00a0&#8230;.mi tudunk jobbat!!! L\u00e9pj be a Zalaegerszegi Triatlon Klubba, \u00e9s tags\u00e1god r\u00e9szek\u00e9nt \u00e1tv\u00e1llaljuk az \u00e9ves licenszed d\u00edj\u00e1t, \u00e9s int\u00e9zz\u00fck is! \u00c9s ez nem minden! Tags\u00e1god &hellip; <a href=\"https:\/\/zalatriatlon.hu\/index.php\/licensz-a-zalatriatlonnal\/\" class=\"more-link\"><span class=\"screen-reader-text\">Licensz a Zalatriatlonnal!<\/span> b\u0151vebben&#8230; <span class=\"meta-nav\">&rarr;<\/span><\/a><\/p>\n","protected":false},"author":3,"featured_media":0,"parent":0,"menu_order":0,"comment_status":"closed","ping_status":"closed","template":"","meta":[],"_links":{"self":[{"href":"https:\/\/zalatriatlon.hu\/index.php\/wp-json\/wp\/v2\/pages\/392"}],"collection":[{"href":"https:\/\/zalatriatlon.hu\/index.php\/wp-json\/wp\/v2\/pages"}],"about":[{"href":"https:\/\/zalatriatlon.hu\/index.php\/wp-json\/wp\/v2\/types\/page"}],"author":[{"embeddable":true,"href":"https:\/\/zalatriatlon.hu\/index.php\/wp-json\/wp\/v2\/users\/3"}],"replies":[{"embeddable":true,"href":"https:\/\/zalatriatlon.hu\/index.php\/wp-json\/wp\/v2\/comments?post=392"}],"version-history":[{"count":9,"href":"https:\/\/zalatriatlon.hu\/index.php\/wp-json\/wp\/v2\/pages\/392\/revisions"}],"predecessor-version":[{"id":565,"href":"https:\/\/zalatriatlon.hu\/index.php\/wp-json\/wp\/v2\/pages\/392\/revisions\/565"}],"wp:attachment":[{"href":"https:\/\/zalatriatlon.hu\/index.php\/wp-json\/wp\/v2\/media?parent=392"}],"curies":[{"name":"wp","href":"https:\/\/api.w.org\/{rel}","templated":true}]}}